{"id":55,"date":"2024-12-18T14:34:17","date_gmt":"2024-12-18T14:34:17","guid":{"rendered":"https:\/\/shops-usa.com\/?post_type=product&#038;p=55"},"modified":"2025-11-08T08:09:40","modified_gmt":"2025-11-08T08:09:40","slug":"obruch-s-lazerom-dlya-rosta-volos-ssha-hairmax-laserband-41","status":"publish","type":"product","link":"https:\/\/shops-usa.com\/az\/product\/obruch-s-lazerom-dlya-rosta-volos-ssha-hairmax-laserband-41\/","title":{"rendered":"HairMax LaserBand 41 (AB\u015e) Lazer Sa\u00e7 Uzanan Ba\u015f Band\u0131"},"content":{"rendered":"<p>Sa\u00e7lar\u0131n yenid\u0259n b\u00f6y\u00fcm\u0259si: Lazer m\u00fcalic\u0259si fotobiostimulyasiyadan istifad\u0259 edir, a\u015fa\u011f\u0131 s\u0259viyy\u0259li lazer terapiyas\u0131 (LLLT) verir ki, bu da sa\u00e7 follikullar\u0131n\u0131 aktivl\u0259\u015fdirm\u0259k v\u0259 daha g\u00fccl\u00fc sa\u00e7 b\u00f6y\u00fcm\u0259sini t\u0259\u015fviq etm\u0259k \u00fc\u00e7\u00fcn onlara oksigen v\u0259 qida \u00e7atd\u0131r\u0131r. HairMax lazer ba\u015f band\u0131 8 FDA sertifikat\u0131, 7 klinik t\u0259dqiqat, 14 beyn\u0259lxalq tibbi lisenziya v\u0259 6 n\u0259\u015fr olunmu\u015f tibbi jurnal t\u0259r\u0259find\u0259n t\u0259sdiq edilmi\u015fdir. HairMax lazer cihaz\u0131n\u0131n sa\u00e7lar\u0131 yenid\u0259n b\u00f6y\u00fctd\u00fcy\u00fc klinik olaraq s\u00fcbut edilmi\u015fdir, alt\u0131 ayl\u0131q m\u00fcnt\u0259z\u0259m istifad\u0259d\u0259n sonra h\u0259r kvadrat santimetrd\u0259 orta hesabla 15 \u0259lav\u0259 t\u00fck artm\u0131\u015fd\u0131r. Son d\u0259r\u0259c\u0259 rahat v\u0259 portativ, h\u0259m evd\u0259, h\u0259m d\u0259 yolda istifad\u0259 \u00fc\u00e7\u00fcn n\u0259z\u0259rd\u0259 tutulmu\u015fdur. Y\u00fcng\u00fcl batareya uzun bir \u015farj t\u0259min edir v\u0259 da\u015f\u0131maq asand\u0131r. \u0130stifad\u0259si asand\u0131r. Doldurma stendi, batareya, elektrik kabeli, istifad\u0259\u00e7i t\u0259limat\u0131 v\u0259 cihaz z\u0259man\u0259ti daxildir. H\u0259kim t\u0259r\u0259find\u0259n t\u00f6vsiy\u0259 olunur: klinik s\u0131naqlarda istifad\u0259\u00e7il\u0259r yaln\u0131z 3-6 ay \u0259rzind\u0259 g\u00f6r\u00fcn\u0259n n\u0259tic\u0259l\u0259r g\u00f6rd\u00fcl\u0259r. 2000-ci ild\u0259 \u0259sas\u0131 qoyulan HairMax d\u00fcnya \u00fczr\u0259 1,8 milyondan \u00e7ox cihaz sat\u0131b v\u0259 lazer sa\u00e7 art\u0131m\u0131 terapiyas\u0131nda qlobal lider v\u0259 qabaqc\u0131ld\u0131r. H\u0259kiml\u0259r irsi ke\u00e7\u0259llik, ki\u015fi v\u0259 qad\u0131n tipi ke\u00e7\u0259llik, menopauza zaman\u0131 ke\u00e7\u0259ll\u0259\u015fm\u0259, ya\u015fa ba\u011fl\u0131 sa\u00e7 t\u00f6k\u00fclm\u0259si v\u0259 seyr\u0259lm\u0259ni \u0259hat\u0259 ed\u0259n androgenetik alopesiyan\u0131n m\u00fcalic\u0259si \u00fc\u00e7\u00fcn HairMax lazer cihazlar\u0131n\u0131 t\u00f6vsiy\u0259 edirl\u0259r.<\/p>","protected":false},"excerpt":{"rendered":"<p>Lazer sa\u00e7 uzatma ba\u015f band\u0131. Lazer m\u00fcalic\u0259si a\u015fa\u011f\u0131 s\u0259viyy\u0259li lazer terapiyas\u0131n\u0131 t\u0259min ed\u0259n fotobiostimulyasiyan\u0131 \u0259hat\u0259 edir.<\/p>","protected":false},"featured_media":784,"comment_status":"open","ping_status":"closed","template":"","meta":[],"product_brand":[],"product_cat":[28],"product_tag":[],"class_list":{"0":"post-55","1":"product","2":"type-product","3":"status-publish","4":"has-post-thumbnail","6":"product_cat-hairmax","8":"first","9":"instock","10":"sale","11":"shipping-taxable","12":"purchasable","13":"product-type-simple"},"yoast_head":"<!-- This site is optimized with the Yoast SEO plugin v26.6 - https:\/\/yoast.com\/wordpress\/plugins\/seo\/ -->\n<title>\u041e\u0431\u0440\u0443\u0447 \u0441 \u043b\u0430\u0437\u0435\u0440\u043e\u043c \u0434\u043b\u044f \u0440\u043e\u0441\u0442\u0430 \u0432\u043e\u043b\u043e\u0441 (\u0421\u0428\u0410) HairMax LaserBand 41 - ShopsUSA<\/title>\n<meta name=\"robots\" content=\"index, follow, max-snippet:-1, max-image-preview:large, max-video-preview:-1\" \/>\n<link rel=\"canonical\" href=\"https:\/\/shops-usa.com\/az\/product\/obruch-s-lazerom-dlya-rosta-volos-ssha-hairmax-laserband-41\/?wmc-currency=AZN\" \/>\n<meta property=\"og:locale\" content=\"az_AZ\" \/>\n<meta property=\"og:type\" content=\"article\" \/>\n<meta property=\"og:title\" content=\"\u041e\u0431\u0440\u0443\u0447 \u0441 \u043b\u0430\u0437\u0435\u0440\u043e\u043c \u0434\u043b\u044f \u0440\u043e\u0441\u0442\u0430 \u0432\u043e\u043b\u043e\u0441 (\u0421\u0428\u0410) HairMax LaserBand 41 - ShopsUSA\" \/>\n<meta property=\"og:description\" content=\"\u041e\u0431\u0440\u0443\u0447 \u0441 \u043b\u0430\u0437\u0435\u0440\u043e\u043c \u0434\u043b\u044f \u0440\u043e\u0441\u0442\u0430 \u0432\u043e\u043b\u043e\u0441. \u041b\u0430\u0437\u0435\u0440\u043d\u043e\u0435 \u043b\u0435\u0447\u0435\u043d\u0438\u0435 \u043f\u0440\u043e\u0445\u043e\u0434\u0438\u0442 \u0447\u0435\u0440\u0435\u0437 \u043f\u0440\u043e\u0446\u0435\u0441\u0441 \u0444\u043e\u0442\u043e\u0431\u0438\u043e\u0441\u0442\u0438\u043c\u0443\u043b\u044f\u0446\u0438\u0438, \u043e\u0431\u0435\u0441\u043f\u0435\u0447\u0438\u0432\u0430\u044f \u043d\u0438\u0437\u043a\u043e\u0443\u0440\u043e\u0432\u043d\u0435\u0432\u0443\u044e \u043b\u0430\u0437\u0435\u0440\u043d\u0443\u044e \u0442\u0435\u0440\u0430\u043f\u0438\u044e.\" \/>\n<meta property=\"og:url\" content=\"https:\/\/shops-usa.com\/az\/product\/obruch-s-lazerom-dlya-rosta-volos-ssha-hairmax-laserband-41\/?wmc-currency=AZN\" \/>\n<meta property=\"og:site_name\" content=\"ShopsUSA\" \/>\n<meta property=\"article:modified_time\" content=\"2025-11-08T08:09:40+00:00\" \/>\n<meta property=\"og:image\" content=\"https:\/\/shops-usa.com\/wp-content\/uploads\/2024\/12\/45.jpg\" \/>\n\t<meta property=\"og:image:width\" content=\"2015\" \/>\n\t<meta property=\"og:image:height\" content=\"1988\" \/>\n\t<meta property=\"og:image:type\" content=\"image\/jpeg\" \/>\n<meta name=\"twitter:card\" content=\"summary_large_image\" \/>\n<script type=\"application\/ld+json\" class=\"yoast-schema-graph\">{\"@context\":\"https:\/\/schema.org\",\"@graph\":[{\"@type\":\"WebPage\",\"@id\":\"https:\/\/shops-usa.com\/product\/obruch-s-lazerom-dlya-rosta-volos-ssha-hairmax-laserband-41\/\",\"url\":\"https:\/\/shops-usa.com\/product\/obruch-s-lazerom-dlya-rosta-volos-ssha-hairmax-laserband-41\/\",\"name\":\"\u041e\u0431\u0440\u0443\u0447 \u0441 \u043b\u0430\u0437\u0435\u0440\u043e\u043c \u0434\u043b\u044f \u0440\u043e\u0441\u0442\u0430 \u0432\u043e\u043b\u043e\u0441 (\u0421\u0428\u0410) HairMax LaserBand 41 - ShopsUSA\",\"isPartOf\":{\"@id\":\"https:\/\/shops-usa.com\/#website\"},\"primaryImageOfPage\":{\"@id\":\"https:\/\/shops-usa.com\/product\/obruch-s-lazerom-dlya-rosta-volos-ssha-hairmax-laserband-41\/#primaryimage\"},\"image\":{\"@id\":\"https:\/\/shops-usa.com\/product\/obruch-s-lazerom-dlya-rosta-volos-ssha-hairmax-laserband-41\/#primaryimage\"},\"thumbnailUrl\":\"https:\/\/shops-usa.com\/wp-content\/uploads\/2024\/12\/45.jpg\",\"datePublished\":\"2024-12-18T14:34:17+00:00\",\"dateModified\":\"2025-11-08T08:09:40+00:00\",\"breadcrumb\":{\"@id\":\"https:\/\/shops-usa.com\/product\/obruch-s-lazerom-dlya-rosta-volos-ssha-hairmax-laserband-41\/#breadcrumb\"},\"inLanguage\":\"az\",\"potentialAction\":[{\"@type\":\"ReadAction\",\"target\":[\"https:\/\/shops-usa.com\/product\/obruch-s-lazerom-dlya-rosta-volos-ssha-hairmax-laserband-41\/\"]}]},{\"@type\":\"ImageObject\",\"inLanguage\":\"az\",\"@id\":\"https:\/\/shops-usa.com\/product\/obruch-s-lazerom-dlya-rosta-volos-ssha-hairmax-laserband-41\/#primaryimage\",\"url\":\"https:\/\/shops-usa.com\/wp-content\/uploads\/2024\/12\/45.jpg\",\"contentUrl\":\"https:\/\/shops-usa.com\/wp-content\/uploads\/2024\/12\/45.jpg\",\"width\":2015,\"height\":1988},{\"@type\":\"BreadcrumbList\",\"@id\":\"https:\/\/shops-usa.com\/product\/obruch-s-lazerom-dlya-rosta-volos-ssha-hairmax-laserband-41\/#breadcrumb\",\"itemListElement\":[{\"@type\":\"ListItem\",\"position\":1,\"name\":\"Home\",\"item\":\"https:\/\/shops-usa.com\/\"},{\"@type\":\"ListItem\",\"position\":2,\"name\":\"\u041a\u0430\u0442\u0430\u043b\u043e\u0433\",\"item\":\"https:\/\/shops-usa.com\/catalogue\/\"},{\"@type\":\"ListItem\",\"position\":3,\"name\":\"\u041e\u0431\u0440\u0443\u0447 \u0441 \u043b\u0430\u0437\u0435\u0440\u043e\u043c \u0434\u043b\u044f \u0440\u043e\u0441\u0442\u0430 \u0432\u043e\u043b\u043e\u0441 (\u0421\u0428\u0410) HairMax LaserBand 41\"}]},{\"@type\":\"WebSite\",\"@id\":\"https:\/\/shops-usa.com\/#website\",\"url\":\"https:\/\/shops-usa.com\/\",\"name\":\"ShopsUSA\",\"description\":\"Quality products from USA\",\"publisher\":{\"@id\":\"https:\/\/shops-usa.com\/#organization\"},\"potentialAction\":[{\"@type\":\"SearchAction\",\"target\":{\"@type\":\"EntryPoint\",\"urlTemplate\":\"https:\/\/shops-usa.com\/?s={search_term_string}\"},\"query-input\":{\"@type\":\"PropertyValueSpecification\",\"valueRequired\":true,\"valueName\":\"search_term_string\"}}],\"inLanguage\":\"az\"},{\"@type\":\"Organization\",\"@id\":\"https:\/\/shops-usa.com\/#organization\",\"name\":\"SHOPS USA\",\"alternateName\":\"SHOPS\",\"url\":\"https:\/\/shops-usa.com\/\",\"logo\":{\"@type\":\"ImageObject\",\"inLanguage\":\"az\",\"@id\":\"https:\/\/shops-usa.com\/#\/schema\/logo\/image\/\",\"url\":\"https:\/\/shops-usa.com\/wp-content\/uploads\/2025\/12\/letter_final_white-1.png\",\"contentUrl\":\"https:\/\/shops-usa.com\/wp-content\/uploads\/2025\/12\/letter_final_white-1.png\",\"width\":1711,\"height\":1949,\"caption\":\"SHOPS USA\"},\"image\":{\"@id\":\"https:\/\/shops-usa.com\/#\/schema\/logo\/image\/\"}}]}<\/script>\n<!-- \/ Yoast SEO plugin. -->","yoast_head_json":{"title":"\u041e\u0431\u0440\u0443\u0447 \u0441 \u043b\u0430\u0437\u0435\u0440\u043e\u043c \u0434\u043b\u044f \u0440\u043e\u0441\u0442\u0430 \u0432\u043e\u043b\u043e\u0441 (\u0421\u0428\u0410) HairMax LaserBand 41 - ShopsUSA","robots":{"index":"index","follow":"follow","max-snippet":"max-snippet:-1","max-image-preview":"max-image-preview:large","max-video-preview":"max-video-preview:-1"},"canonical":"https:\/\/shops-usa.com\/az\/product\/obruch-s-lazerom-dlya-rosta-volos-ssha-hairmax-laserband-41\/?wmc-currency=AZN","og_locale":"az_AZ","og_type":"article","og_title":"\u041e\u0431\u0440\u0443\u0447 \u0441 \u043b\u0430\u0437\u0435\u0440\u043e\u043c \u0434\u043b\u044f \u0440\u043e\u0441\u0442\u0430 \u0432\u043e\u043b\u043e\u0441 (\u0421\u0428\u0410) HairMax LaserBand 41 - ShopsUSA","og_description":"\u041e\u0431\u0440\u0443\u0447 \u0441 \u043b\u0430\u0437\u0435\u0440\u043e\u043c \u0434\u043b\u044f \u0440\u043e\u0441\u0442\u0430 \u0432\u043e\u043b\u043e\u0441. \u041b\u0430\u0437\u0435\u0440\u043d\u043e\u0435 \u043b\u0435\u0447\u0435\u043d\u0438\u0435 \u043f\u0440\u043e\u0445\u043e\u0434\u0438\u0442 \u0447\u0435\u0440\u0435\u0437 \u043f\u0440\u043e\u0446\u0435\u0441\u0441 \u0444\u043e\u0442\u043e\u0431\u0438\u043e\u0441\u0442\u0438\u043c\u0443\u043b\u044f\u0446\u0438\u0438, \u043e\u0431\u0435\u0441\u043f\u0435\u0447\u0438\u0432\u0430\u044f \u043d\u0438\u0437\u043a\u043e\u0443\u0440\u043e\u0432\u043d\u0435\u0432\u0443\u044e \u043b\u0430\u0437\u0435\u0440\u043d\u0443\u044e \u0442\u0435\u0440\u0430\u043f\u0438\u044e.","og_url":"https:\/\/shops-usa.com\/az\/product\/obruch-s-lazerom-dlya-rosta-volos-ssha-hairmax-laserband-41\/?wmc-currency=AZN","og_site_name":"ShopsUSA","article_modified_time":"2025-11-08T08:09:40+00:00","og_image":[{"width":2015,"height":1988,"url":"https:\/\/shops-usa.com\/wp-content\/uploads\/2024\/12\/45.jpg","type":"image\/jpeg"}],"twitter_card":"summary_large_image","schema":{"@context":"https:\/\/schema.org","@graph":[{"@type":"WebPage","@id":"https:\/\/shops-usa.com\/product\/obruch-s-lazerom-dlya-rosta-volos-ssha-hairmax-laserband-41\/","url":"https:\/\/shops-usa.com\/product\/obruch-s-lazerom-dlya-rosta-volos-ssha-hairmax-laserband-41\/","name":"\u041e\u0431\u0440\u0443\u0447 \u0441 \u043b\u0430\u0437\u0435\u0440\u043e\u043c \u0434\u043b\u044f \u0440\u043e\u0441\u0442\u0430 \u0432\u043e\u043b\u043e\u0441 (\u0421\u0428\u0410) HairMax LaserBand 41 - ShopsUSA","isPartOf":{"@id":"https:\/\/shops-usa.com\/#website"},"primaryImageOfPage":{"@id":"https:\/\/shops-usa.com\/product\/obruch-s-lazerom-dlya-rosta-volos-ssha-hairmax-laserband-41\/#primaryimage"},"image":{"@id":"https:\/\/shops-usa.com\/product\/obruch-s-lazerom-dlya-rosta-volos-ssha-hairmax-laserband-41\/#primaryimage"},"thumbnailUrl":"https:\/\/shops-usa.com\/wp-content\/uploads\/2024\/12\/45.jpg","datePublished":"2024-12-18T14:34:17+00:00","dateModified":"2025-11-08T08:09:40+00:00","breadcrumb":{"@id":"https:\/\/shops-usa.com\/product\/obruch-s-lazerom-dlya-rosta-volos-ssha-hairmax-laserband-41\/#breadcrumb"},"inLanguage":"az","potentialAction":[{"@type":"ReadAction","target":["https:\/\/shops-usa.com\/product\/obruch-s-lazerom-dlya-rosta-volos-ssha-hairmax-laserband-41\/"]}]},{"@type":"ImageObject","inLanguage":"az","@id":"https:\/\/shops-usa.com\/product\/obruch-s-lazerom-dlya-rosta-volos-ssha-hairmax-laserband-41\/#primaryimage","url":"https:\/\/shops-usa.com\/wp-content\/uploads\/2024\/12\/45.jpg","contentUrl":"https:\/\/shops-usa.com\/wp-content\/uploads\/2024\/12\/45.jpg","width":2015,"height":1988},{"@type":"BreadcrumbList","@id":"https:\/\/shops-usa.com\/product\/obruch-s-lazerom-dlya-rosta-volos-ssha-hairmax-laserband-41\/#breadcrumb","itemListElement":[{"@type":"ListItem","position":1,"name":"Home","item":"https:\/\/shops-usa.com\/"},{"@type":"ListItem","position":2,"name":"\u041a\u0430\u0442\u0430\u043b\u043e\u0433","item":"https:\/\/shops-usa.com\/catalogue\/"},{"@type":"ListItem","position":3,"name":"\u041e\u0431\u0440\u0443\u0447 \u0441 \u043b\u0430\u0437\u0435\u0440\u043e\u043c \u0434\u043b\u044f \u0440\u043e\u0441\u0442\u0430 \u0432\u043e\u043b\u043e\u0441 (\u0421\u0428\u0410) HairMax LaserBand 41"}]},{"@type":"WebSite","@id":"https:\/\/shops-usa.com\/#website","url":"https:\/\/shops-usa.com\/","name":"ShopsUSA","description":"Quality products from USA","publisher":{"@id":"https:\/\/shops-usa.com\/#organization"},"potentialAction":[{"@type":"SearchAction","target":{"@type":"EntryPoint","urlTemplate":"https:\/\/shops-usa.com\/?s={search_term_string}"},"query-input":{"@type":"PropertyValueSpecification","valueRequired":true,"valueName":"search_term_string"}}],"inLanguage":"az"},{"@type":"Organization","@id":"https:\/\/shops-usa.com\/#organization","name":"SHOPS USA","alternateName":"SHOPS","url":"https:\/\/shops-usa.com\/","logo":{"@type":"ImageObject","inLanguage":"az","@id":"https:\/\/shops-usa.com\/#\/schema\/logo\/image\/","url":"https:\/\/shops-usa.com\/wp-content\/uploads\/2025\/12\/letter_final_white-1.png","contentUrl":"https:\/\/shops-usa.com\/wp-content\/uploads\/2025\/12\/letter_final_white-1.png","width":1711,"height":1949,"caption":"SHOPS USA"},"image":{"@id":"https:\/\/shops-usa.com\/#\/schema\/logo\/image\/"}}]}},"_links":{"self":[{"href":"https:\/\/shops-usa.com\/az\/wp-json\/wp\/v2\/product\/55","targetHints":{"allow":["GET"]}}],"collection":[{"href":"https:\/\/shops-usa.com\/az\/wp-json\/wp\/v2\/product"}],"about":[{"href":"https:\/\/shops-usa.com\/az\/wp-json\/wp\/v2\/types\/product"}],"replies":[{"embeddable":true,"href":"https:\/\/shops-usa.com\/az\/wp-json\/wp\/v2\/comments?post=55"}],"wp:featuredmedia":[{"embeddable":true,"href":"https:\/\/shops-usa.com\/az\/wp-json\/wp\/v2\/media\/784"}],"wp:attachment":[{"href":"https:\/\/shops-usa.com\/az\/wp-json\/wp\/v2\/media?parent=55"}],"wp:term":[{"taxonomy":"product_brand","embeddable":true,"href":"https:\/\/shops-usa.com\/az\/wp-json\/wp\/v2\/product_brand?post=55"},{"taxonomy":"product_cat","embeddable":true,"href":"https:\/\/shops-usa.com\/az\/wp-json\/wp\/v2\/product_cat?post=55"},{"taxonomy":"product_tag","embeddable":true,"href":"https:\/\/shops-usa.com\/az\/wp-json\/wp\/v2\/product_tag?post=55"}],"curies":[{"name":"wp","href":"https:\/\/api.w.org\/{rel}","templated":true}]}}