{"id":42,"date":"2024-12-18T14:34:16","date_gmt":"2024-12-18T14:34:16","guid":{"rendered":"https:\/\/shops-usa.com\/?post_type=product&#038;p=42"},"modified":"2025-11-08T08:10:19","modified_gmt":"2025-11-08T08:10:19","slug":"maska-dlya-uhoda-za-kozhej-licza-ssha-aphrona","status":"publish","type":"product","link":"https:\/\/shops-usa.com\/az\/product\/maska-dlya-uhoda-za-kozhej-licza-ssha-aphrona\/","title":{"rendered":"Aphrona (\u0421\u0428\u0410) \u00dcz d\u0259risin\u0259 qulluq maskas\u0131"},"content":{"rendered":"<p>\u00c7ip g\u00fcc\u00fc v\u0259 keyfiyy\u0259ti LED d\u0259ri m\u00fcalic\u0259sind\u0259 \u0259sasd\u0131r. Aphrona maskas\u0131 99% effektivliy\u0259 malik LED \u00e7ipl\u0259rind\u0259n ibar\u0259tdir. O, xoralar\u0131, kistik s\u0131zanaqlar\u0131 v\u0259 qara n\u00f6qt\u0259l\u0259ri m\u00fcalic\u0259 etm\u0259k, s\u0131zanaq v\u0259 s\u0131zanaqlara s\u0259b\u0259b olan bakteriyalar\u0131 \u00f6ld\u00fcrm\u0259k \u00fc\u00e7\u00fcn ideald\u0131r. M\u0259sam\u0259l\u0259ri minimuma endirir, q\u0131r\u0131\u015flar\u0131 hamarlay\u0131r, d\u0259rinin piqmentasiyas\u0131n\u0131 v\u0259 q\u0131zart\u0131s\u0131n\u0131 azald\u0131r, kollagen v\u0259 elastin istehsal\u0131n\u0131 t\u0259\u015fviq edir v\u0259 \u015fi\u015fkinliyi azald\u0131r. S\u0131zanaqlar v\u0259zil\u0259rimiz h\u0259ddind\u0259n art\u0131q sebum (ya\u011f) istehsal etdikd\u0259, m\u0259sam\u0259l\u0259ri t\u0131xand\u0131qda v\u0259 bakteriyalar\u0131n b\u00f6y\u00fcm\u0259sin\u0259 icaz\u0259 verdikd\u0259 meydana g\u0259lir. Aphrona maskas\u0131 t\u0259miz, sa\u011flam d\u0259ri \u0259ld\u0259 etm\u0259k \u00fc\u00e7\u00fcn g\u00fccl\u00fc, t\u0259sirli v\u0259 t\u0259bii \u00fcsuldur. \u0130st\u0259nil\u0259n d\u0259ri tipin\u0259 t\u0259tbiq oluna bil\u0259r. G\u00fcnd\u0259 bir ne\u00e7\u0259 d\u0259qiq\u0259 \u0259rzind\u0259 siz m\u00f6vcud s\u0131zanaqlar\u0131 m\u00fcalic\u0259 ed\u0259, s\u0131zanaqlar\u0131 minimuma endir\u0259 v\u0259 d\u0259rinizin ayd\u0131n, sa\u011flam g\u00f6r\u00fcn\u00fc\u015f\u00fcn\u00fc b\u0259rpa ed\u0259 bil\u0259rsiniz. M\u00fcxt\u0259lif d\u0259ri probleml\u0259ri \u00fc\u00e7\u00fcn 10 intensivlik parametri v\u0259 3 r\u0259ng parametri (mavi, ya\u015f\u0131l v\u0259 q\u0131rm\u0131z\u0131) m\u00f6vcuddur. Sessiya m\u00fcdd\u0259ti 5 il\u0259 50 d\u0259qiq\u0259 aras\u0131nda d\u0259yi\u015fir. \u00c7izilm\u0259y\u0259 davaml\u0131 Saxlama qutusu AB\u015e-da dizayn edilmi\u015f v\u0259 istehsal edilmi\u015fdir \u00d6l\u00e7\u00fcl\u0259ri v\u0259 \u00e7\u0259kisi: 30 x 23 x 15 sm., 1,8 kq.<\/p>","protected":false},"excerpt":{"rendered":"<p>Aphrona maskas\u0131 t\u0259miz v\u0259 sa\u011flam d\u0259ri \u0259ld\u0259 etm\u0259k \u00fc\u00e7\u00fcn g\u00fccl\u00fc, t\u0259sirli v\u0259 t\u0259bii \u00fcsuldur.<\/p>","protected":false},"featured_media":68,"comment_status":"open","ping_status":"closed","template":"","meta":[],"product_brand":[],"product_cat":[16],"product_tag":[],"class_list":{"0":"post-42","1":"product","2":"type-product","3":"status-publish","4":"has-post-thumbnail","6":"product_cat-aphrona","8":"first","9":"instock","10":"sale","11":"shipping-taxable","12":"purchasable","13":"product-type-simple"},"yoast_head":"<!-- This site is optimized with the Yoast SEO plugin v26.6 - https:\/\/yoast.com\/wordpress\/plugins\/seo\/ -->\n<title>\u041c\u0430\u0441\u043a\u0430 \u0434\u043b\u044f \u0443\u0445\u043e\u0434\u0430 \u0437\u0430 \u043a\u043e\u0436\u0435\u0439 \u043b\u0438\u0446\u0430 (\u0421\u0428\u0410) Aphrona - ShopsUSA<\/title>\n<meta name=\"robots\" content=\"index, follow, max-snippet:-1, max-image-preview:large, max-video-preview:-1\" \/>\n<link rel=\"canonical\" href=\"https:\/\/shops-usa.com\/az\/product\/maska-dlya-uhoda-za-kozhej-licza-ssha-aphrona\/?wmc-currency=AZN\" \/>\n<meta property=\"og:locale\" content=\"az_AZ\" \/>\n<meta property=\"og:type\" content=\"article\" \/>\n<meta property=\"og:title\" content=\"\u041c\u0430\u0441\u043a\u0430 \u0434\u043b\u044f \u0443\u0445\u043e\u0434\u0430 \u0437\u0430 \u043a\u043e\u0436\u0435\u0439 \u043b\u0438\u0446\u0430 (\u0421\u0428\u0410) Aphrona - ShopsUSA\" \/>\n<meta property=\"og:description\" content=\"\u041c\u0430\u0441\u043a\u0430 Aphrona - \u044d\u0442\u043e \u043c\u043e\u0449\u043d\u044b\u0439, \u044d\u0444\u0444\u0435\u043a\u0442\u0438\u0432\u043d\u044b\u0439 \u0438 \u043d\u0430\u0442\u0443\u0440\u0430\u043b\u044c\u043d\u044b\u0439 \u043c\u0435\u0442\u043e\u0434, \u043f\u043e\u043c\u043e\u0433\u0430\u044e\u0449\u0438\u0439 \u0434\u043e\u0431\u0438\u0442\u044c\u0441\u044f \u0447\u0438\u0441\u0442\u043e\u0439 \u0438 \u0437\u0434\u043e\u0440\u043e\u0432\u043e\u0439 \u043a\u043e\u0436\u0438.\" \/>\n<meta property=\"og:url\" content=\"https:\/\/shops-usa.com\/az\/product\/maska-dlya-uhoda-za-kozhej-licza-ssha-aphrona\/?wmc-currency=AZN\" \/>\n<meta property=\"og:site_name\" content=\"ShopsUSA\" \/>\n<meta property=\"article:modified_time\" content=\"2025-11-08T08:10:19+00:00\" \/>\n<meta property=\"og:image\" content=\"https:\/\/shops-usa.com\/wp-content\/uploads\/2024\/12\/1.jpg\" \/>\n\t<meta property=\"og:image:width\" content=\"1500\" \/>\n\t<meta property=\"og:image:height\" content=\"1500\" \/>\n\t<meta property=\"og:image:type\" content=\"image\/jpeg\" \/>\n<meta name=\"twitter:card\" content=\"summary_large_image\" \/>\n<script type=\"application\/ld+json\" class=\"yoast-schema-graph\">{\"@context\":\"https:\/\/schema.org\",\"@graph\":[{\"@type\":\"WebPage\",\"@id\":\"https:\/\/shops-usa.com\/product\/maska-dlya-uhoda-za-kozhej-licza-ssha-aphrona\/\",\"url\":\"https:\/\/shops-usa.com\/product\/maska-dlya-uhoda-za-kozhej-licza-ssha-aphrona\/\",\"name\":\"\u041c\u0430\u0441\u043a\u0430 \u0434\u043b\u044f \u0443\u0445\u043e\u0434\u0430 \u0437\u0430 \u043a\u043e\u0436\u0435\u0439 \u043b\u0438\u0446\u0430 (\u0421\u0428\u0410) Aphrona - ShopsUSA\",\"isPartOf\":{\"@id\":\"https:\/\/shops-usa.com\/#website\"},\"primaryImageOfPage\":{\"@id\":\"https:\/\/shops-usa.com\/product\/maska-dlya-uhoda-za-kozhej-licza-ssha-aphrona\/#primaryimage\"},\"image\":{\"@id\":\"https:\/\/shops-usa.com\/product\/maska-dlya-uhoda-za-kozhej-licza-ssha-aphrona\/#primaryimage\"},\"thumbnailUrl\":\"https:\/\/shops-usa.com\/wp-content\/uploads\/2024\/12\/1.jpg\",\"datePublished\":\"2024-12-18T14:34:16+00:00\",\"dateModified\":\"2025-11-08T08:10:19+00:00\",\"breadcrumb\":{\"@id\":\"https:\/\/shops-usa.com\/product\/maska-dlya-uhoda-za-kozhej-licza-ssha-aphrona\/#breadcrumb\"},\"inLanguage\":\"az\",\"potentialAction\":[{\"@type\":\"ReadAction\",\"target\":[\"https:\/\/shops-usa.com\/product\/maska-dlya-uhoda-za-kozhej-licza-ssha-aphrona\/\"]}]},{\"@type\":\"ImageObject\",\"inLanguage\":\"az\",\"@id\":\"https:\/\/shops-usa.com\/product\/maska-dlya-uhoda-za-kozhej-licza-ssha-aphrona\/#primaryimage\",\"url\":\"https:\/\/shops-usa.com\/wp-content\/uploads\/2024\/12\/1.jpg\",\"contentUrl\":\"https:\/\/shops-usa.com\/wp-content\/uploads\/2024\/12\/1.jpg\",\"width\":1500,\"height\":1500},{\"@type\":\"BreadcrumbList\",\"@id\":\"https:\/\/shops-usa.com\/product\/maska-dlya-uhoda-za-kozhej-licza-ssha-aphrona\/#breadcrumb\",\"itemListElement\":[{\"@type\":\"ListItem\",\"position\":1,\"name\":\"Home\",\"item\":\"https:\/\/shops-usa.com\/\"},{\"@type\":\"ListItem\",\"position\":2,\"name\":\"\u041a\u0430\u0442\u0430\u043b\u043e\u0433\",\"item\":\"https:\/\/shops-usa.com\/catalogue\/\"},{\"@type\":\"ListItem\",\"position\":3,\"name\":\"\u041c\u0430\u0441\u043a\u0430 \u0434\u043b\u044f \u0443\u0445\u043e\u0434\u0430 \u0437\u0430 \u043a\u043e\u0436\u0435\u0439 \u043b\u0438\u0446\u0430 (\u0421\u0428\u0410) Aphrona\"}]},{\"@type\":\"WebSite\",\"@id\":\"https:\/\/shops-usa.com\/#website\",\"url\":\"https:\/\/shops-usa.com\/\",\"name\":\"ShopsUSA\",\"description\":\"Quality products from USA\",\"publisher\":{\"@id\":\"https:\/\/shops-usa.com\/#organization\"},\"potentialAction\":[{\"@type\":\"SearchAction\",\"target\":{\"@type\":\"EntryPoint\",\"urlTemplate\":\"https:\/\/shops-usa.com\/?s={search_term_string}\"},\"query-input\":{\"@type\":\"PropertyValueSpecification\",\"valueRequired\":true,\"valueName\":\"search_term_string\"}}],\"inLanguage\":\"az\"},{\"@type\":\"Organization\",\"@id\":\"https:\/\/shops-usa.com\/#organization\",\"name\":\"SHOPS USA\",\"alternateName\":\"SHOPS\",\"url\":\"https:\/\/shops-usa.com\/\",\"logo\":{\"@type\":\"ImageObject\",\"inLanguage\":\"az\",\"@id\":\"https:\/\/shops-usa.com\/#\/schema\/logo\/image\/\",\"url\":\"https:\/\/shops-usa.com\/wp-content\/uploads\/2025\/12\/letter_final_white-1.png\",\"contentUrl\":\"https:\/\/shops-usa.com\/wp-content\/uploads\/2025\/12\/letter_final_white-1.png\",\"width\":1711,\"height\":1949,\"caption\":\"SHOPS USA\"},\"image\":{\"@id\":\"https:\/\/shops-usa.com\/#\/schema\/logo\/image\/\"}}]}<\/script>\n<!-- \/ Yoast SEO plugin. -->","yoast_head_json":{"title":"\u041c\u0430\u0441\u043a\u0430 \u0434\u043b\u044f \u0443\u0445\u043e\u0434\u0430 \u0437\u0430 \u043a\u043e\u0436\u0435\u0439 \u043b\u0438\u0446\u0430 (\u0421\u0428\u0410) Aphrona - ShopsUSA","robots":{"index":"index","follow":"follow","max-snippet":"max-snippet:-1","max-image-preview":"max-image-preview:large","max-video-preview":"max-video-preview:-1"},"canonical":"https:\/\/shops-usa.com\/az\/product\/maska-dlya-uhoda-za-kozhej-licza-ssha-aphrona\/?wmc-currency=AZN","og_locale":"az_AZ","og_type":"article","og_title":"\u041c\u0430\u0441\u043a\u0430 \u0434\u043b\u044f \u0443\u0445\u043e\u0434\u0430 \u0437\u0430 \u043a\u043e\u0436\u0435\u0439 \u043b\u0438\u0446\u0430 (\u0421\u0428\u0410) Aphrona - ShopsUSA","og_description":"\u041c\u0430\u0441\u043a\u0430 Aphrona - \u044d\u0442\u043e \u043c\u043e\u0449\u043d\u044b\u0439, \u044d\u0444\u0444\u0435\u043a\u0442\u0438\u0432\u043d\u044b\u0439 \u0438 \u043d\u0430\u0442\u0443\u0440\u0430\u043b\u044c\u043d\u044b\u0439 \u043c\u0435\u0442\u043e\u0434, \u043f\u043e\u043c\u043e\u0433\u0430\u044e\u0449\u0438\u0439 \u0434\u043e\u0431\u0438\u0442\u044c\u0441\u044f \u0447\u0438\u0441\u0442\u043e\u0439 \u0438 \u0437\u0434\u043e\u0440\u043e\u0432\u043e\u0439 \u043a\u043e\u0436\u0438.","og_url":"https:\/\/shops-usa.com\/az\/product\/maska-dlya-uhoda-za-kozhej-licza-ssha-aphrona\/?wmc-currency=AZN","og_site_name":"ShopsUSA","article_modified_time":"2025-11-08T08:10:19+00:00","og_image":[{"width":1500,"height":1500,"url":"https:\/\/shops-usa.com\/wp-content\/uploads\/2024\/12\/1.jpg","type":"image\/jpeg"}],"twitter_card":"summary_large_image","schema":{"@context":"https:\/\/schema.org","@graph":[{"@type":"WebPage","@id":"https:\/\/shops-usa.com\/product\/maska-dlya-uhoda-za-kozhej-licza-ssha-aphrona\/","url":"https:\/\/shops-usa.com\/product\/maska-dlya-uhoda-za-kozhej-licza-ssha-aphrona\/","name":"\u041c\u0430\u0441\u043a\u0430 \u0434\u043b\u044f \u0443\u0445\u043e\u0434\u0430 \u0437\u0430 \u043a\u043e\u0436\u0435\u0439 \u043b\u0438\u0446\u0430 (\u0421\u0428\u0410) Aphrona - ShopsUSA","isPartOf":{"@id":"https:\/\/shops-usa.com\/#website"},"primaryImageOfPage":{"@id":"https:\/\/shops-usa.com\/product\/maska-dlya-uhoda-za-kozhej-licza-ssha-aphrona\/#primaryimage"},"image":{"@id":"https:\/\/shops-usa.com\/product\/maska-dlya-uhoda-za-kozhej-licza-ssha-aphrona\/#primaryimage"},"thumbnailUrl":"https:\/\/shops-usa.com\/wp-content\/uploads\/2024\/12\/1.jpg","datePublished":"2024-12-18T14:34:16+00:00","dateModified":"2025-11-08T08:10:19+00:00","breadcrumb":{"@id":"https:\/\/shops-usa.com\/product\/maska-dlya-uhoda-za-kozhej-licza-ssha-aphrona\/#breadcrumb"},"inLanguage":"az","potentialAction":[{"@type":"ReadAction","target":["https:\/\/shops-usa.com\/product\/maska-dlya-uhoda-za-kozhej-licza-ssha-aphrona\/"]}]},{"@type":"ImageObject","inLanguage":"az","@id":"https:\/\/shops-usa.com\/product\/maska-dlya-uhoda-za-kozhej-licza-ssha-aphrona\/#primaryimage","url":"https:\/\/shops-usa.com\/wp-content\/uploads\/2024\/12\/1.jpg","contentUrl":"https:\/\/shops-usa.com\/wp-content\/uploads\/2024\/12\/1.jpg","width":1500,"height":1500},{"@type":"BreadcrumbList","@id":"https:\/\/shops-usa.com\/product\/maska-dlya-uhoda-za-kozhej-licza-ssha-aphrona\/#breadcrumb","itemListElement":[{"@type":"ListItem","position":1,"name":"Home","item":"https:\/\/shops-usa.com\/"},{"@type":"ListItem","position":2,"name":"\u041a\u0430\u0442\u0430\u043b\u043e\u0433","item":"https:\/\/shops-usa.com\/catalogue\/"},{"@type":"ListItem","position":3,"name":"\u041c\u0430\u0441\u043a\u0430 \u0434\u043b\u044f \u0443\u0445\u043e\u0434\u0430 \u0437\u0430 \u043a\u043e\u0436\u0435\u0439 \u043b\u0438\u0446\u0430 (\u0421\u0428\u0410) Aphrona"}]},{"@type":"WebSite","@id":"https:\/\/shops-usa.com\/#website","url":"https:\/\/shops-usa.com\/","name":"ShopsUSA","description":"Quality products from USA","publisher":{"@id":"https:\/\/shops-usa.com\/#organization"},"potentialAction":[{"@type":"SearchAction","target":{"@type":"EntryPoint","urlTemplate":"https:\/\/shops-usa.com\/?s={search_term_string}"},"query-input":{"@type":"PropertyValueSpecification","valueRequired":true,"valueName":"search_term_string"}}],"inLanguage":"az"},{"@type":"Organization","@id":"https:\/\/shops-usa.com\/#organization","name":"SHOPS USA","alternateName":"SHOPS","url":"https:\/\/shops-usa.com\/","logo":{"@type":"ImageObject","inLanguage":"az","@id":"https:\/\/shops-usa.com\/#\/schema\/logo\/image\/","url":"https:\/\/shops-usa.com\/wp-content\/uploads\/2025\/12\/letter_final_white-1.png","contentUrl":"https:\/\/shops-usa.com\/wp-content\/uploads\/2025\/12\/letter_final_white-1.png","width":1711,"height":1949,"caption":"SHOPS USA"},"image":{"@id":"https:\/\/shops-usa.com\/#\/schema\/logo\/image\/"}}]}},"_links":{"self":[{"href":"https:\/\/shops-usa.com\/az\/wp-json\/wp\/v2\/product\/42","targetHints":{"allow":["GET"]}}],"collection":[{"href":"https:\/\/shops-usa.com\/az\/wp-json\/wp\/v2\/product"}],"about":[{"href":"https:\/\/shops-usa.com\/az\/wp-json\/wp\/v2\/types\/product"}],"replies":[{"embeddable":true,"href":"https:\/\/shops-usa.com\/az\/wp-json\/wp\/v2\/comments?post=42"}],"wp:featuredmedia":[{"embeddable":true,"href":"https:\/\/shops-usa.com\/az\/wp-json\/wp\/v2\/media\/68"}],"wp:attachment":[{"href":"https:\/\/shops-usa.com\/az\/wp-json\/wp\/v2\/media?parent=42"}],"wp:term":[{"taxonomy":"product_brand","embeddable":true,"href":"https:\/\/shops-usa.com\/az\/wp-json\/wp\/v2\/product_brand?post=42"},{"taxonomy":"product_cat","embeddable":true,"href":"https:\/\/shops-usa.com\/az\/wp-json\/wp\/v2\/product_cat?post=42"},{"taxonomy":"product_tag","embeddable":true,"href":"https:\/\/shops-usa.com\/az\/wp-json\/wp\/v2\/product_tag?post=42"}],"curies":[{"name":"wp","href":"https:\/\/api.w.org\/{rel}","templated":true}]}}